{"id":1090,"date":"2025-05-29T15:33:42","date_gmt":"2025-05-29T13:33:42","guid":{"rendered":"https:\/\/coucourico.fr\/?page_id=1090"},"modified":"2025-05-29T15:33:44","modified_gmt":"2025-05-29T13:33:44","slug":"mentions-legales","status":"publish","type":"page","link":"https:\/\/coucourico.fr\/index.php\/mentions-legales\/","title":{"rendered":"Mentions l\u00e9gales"},"content":{"rendered":"\n<h3 class=\"wp-block-heading\"><strong>Pr\u00e9sentation du site<\/strong><\/h3>\n\n\n\n<p>Conform\u00e9ment aux dispositions des articles 6-III et 19 de la Loi n\u00b0 2004-575 du 21 juin 2004 pour la Confiance dans l&rsquo;\u00e9conomie num\u00e9rique, dite L.C.E.N., nous portons \u00e0 la connaissance des utilisateurs et visiteurs du site\u00a0<a href=\"https:\"><\/a>\u00a0les informations suivantes :<strong><br><br>COUCOURICO<\/strong><strong><br><\/strong><strong><br><\/strong><strong>Si\u00e8ge social :\u00a0<\/strong>55 chemin de Pouzilhac &#8211; 30330 Gaujac France<br><strong>Email :\u00a0<\/strong>coucourico@gmail.com<\/p>\n\n\n\n<p><strong>Directeur de la publication :\u00a0<\/strong>Delphine Dumont<strong><br>H\u00e9bergement :<\/strong>\u00a0Infomaniak 26, Avenue de la Praille 1227 Gen\u00e8ve<br><strong>D\u00e9veloppement &amp; cr\u00e9ation du site :<\/strong>\u00a0COUCOURICO<br><strong>Cr\u00e9dit Photos\u00a0:<\/strong>\u00a0COUCOURICO<\/p>\n\n\n\n<p>L\u2019acc\u00e8s et l\u2019utilisation du site internet&nbsp;<a href=\"https:\"><\/a>&nbsp;sont soumis aux conditions suivantes. Le fait d\u2019acc\u00e9der et de naviguer sur le site constitue une acception pleine et enti\u00e8re de ces conditions.<br><\/p>\n\n\n\n<h3 class=\"wp-block-heading\"><strong>Contenu du site<\/strong><\/h3>\n\n\n\n<p>Les informations figurant sur le site de COUCOURICO sont donn\u00e9s \u00e0 titre indicatif. COUCOURICO s\u2019efforce de maintenir le site \u00e0 jour. Cependant, Il ne saurait garantir l\u2019exactitude, l\u2019actualisation des informations diffus\u00e9e sur le site internet, ni la conformit\u00e9 des informations avec l\u2019utilisation que souhaite en faire l\u2019internaute. De ce fait, l\u2019utilisateur reconnait utiliser ces informations sous sa responsabilit\u00e9 exclusive.<br><\/p>\n\n\n\n<h3 class=\"wp-block-heading\"><strong>Fonctionnement du site<\/strong><\/h3>\n\n\n\n<p>Le site internet est normalement accessible 24h\/24h 7j\/7j. En cas de force majeure, de maintenance du site ou encore de difficult\u00e9s informatiques, techniques, structurelles\u00a0<em>(liste non exhaustive)<\/em>, l\u2019acc\u00e8s total ou partiel au site pourra \u00eatre supprim\u00e9 ou suspendu. Par d\u00e9cision de COUCOURICO\u00a0le site pourra \u00eatre interrompu. COUCOURICO peut modifier ou faire \u00e9voluer son site \u00e0 tout moment et sans avoir \u00e0 le notifier.<\/p>\n\n\n\n<p>L\u2019utilisateur reconnait disposer de la comp\u00e9tence et des moyens n\u00e9cessaires pour acc\u00e9der et utiliser le site de COUCOURICO. Il reconnait avoir v\u00e9rifi\u00e9 que sa configuration informatique ne contient aucun virus et qu\u2019elle est en parfait \u00e9tat de fonctionnement.<\/p>\n\n\n\n<p>La soci\u00e9t\u00e9 COUCOURICO ne pourra \u00eatre tenue pour responsable d\u2019un quelconque dommage quel qu\u2019il soit, r\u00e9sultant de son site dans le syst\u00e8me d\u2019information de l\u2019utilisateur.<br><\/p>\n\n\n\n<h3 class=\"wp-block-heading\"><strong>Informations sur les \u00ab Cookies \u00bb<\/strong><\/h3>\n\n\n\n<p>Le site&nbsp;<a href=\"https:\"><\/a>&nbsp;contient un certain nombre de liens hypertextes vers d\u2019autres sites (partenaires, informations \u2026) mis en place avec l\u2019autorisation du proprietaire du site . Cependant, le proprietaire du site n\u2019a pas la possibilit\u00e9 de v\u00e9rifier le contenu des sites ainsi visit\u00e9s et d\u00e9cline donc toute responsabilit\u00e9 de ce fait quand aux risques \u00e9ventuels de contenus illicites.<\/p>\n\n\n\n<p>L\u2019utilisateur est inform\u00e9 que lors de ses visites sur le site&nbsp;<a href=\"https:\"><\/a>, un ou des cookies sont susceptible de s\u2019installer automatiquement sur son ordinateur. Un cookie est un fichier de petite taille, qui ne permet pas l\u2019identification de l\u2019utilisateur, mais qui enregistre des informations relatives \u00e0 la navigation d\u2019un ordinateur sur un site. Les donn\u00e9es ainsi obtenues visent \u00e0 faciliter la navigation ult\u00e9rieure sur le site, et ont \u00e9galement vocation \u00e0 permettre diverses mesures de fr\u00e9quentation.<\/p>\n\n\n\n<p id=\"mentionsl\u00e9gales\">Le param\u00e9trage du logiciel de navigation permet d\u2019informer de la pr\u00e9sence de cookie et \u00e9ventuellement, de refuser de la mani\u00e8re d\u00e9crite \u00e0 l\u2019adresse suivante :&nbsp;<a href=\"https:\/\/www.cnil.fr\/\">www.cnil.fr.<\/a>&nbsp;Le refus d\u2019installation d\u2019un cookie peut entra\u00eener l\u2019impossibilit\u00e9 d\u2019acc\u00e9der \u00e0 certains services. L\u2019utilisateur peut toutefois configurer son ordinateur de la mani\u00e8re suivante, pour refuser l\u2019installation des cookies : Sous Internet Explorer : onglet outil \/ options internet. Cliquez sur Confidentialit\u00e9 et choisissez Bloquer tous les cookies. Validez sur Ok. Sous Chrome : menu \/ param\u00e8tres. Cliquez sur param\u00e8tres avanc\u00e9s et choisissez D\u00e9sactiver les cookies. Validez sur Ok. Sous Firefox : onglet \u00e9dition \/ pr\u00e9f\u00e9rences. Cliquez sur Avanc\u00e9es et choisissez D\u00e9sactiver les cookies. Validez sur Ok.<br><br><strong><\/strong><\/p>\n\n\n\n<h3 class=\"wp-block-heading\"><strong>Protection des biens et des personnes &#8211; Gestion des donn\u00e9es personnelles<\/strong><\/h3>\n\n\n\n<p>Utilisateur : Internaute se connectant, utilisant le site susnomm\u00e9 :&nbsp;<a href=\"https:\"><\/a>&nbsp;En France, les donn\u00e9es personnelles sont notamment prot\u00e9g\u00e9es par la loi n\u00b0 78-87 du 6 janvier 1978, la loi n\u00b0 2004-801 du 6 ao\u00fbt 2004, l&rsquo;article L. 226-13 du Code p\u00e9nal et la Directive Europ\u00e9enne du 24 octobre 1995.<\/p>\n\n\n\n<p>Sur le site&nbsp;<a href=\"https:\"><\/a>, le proprietaire du site ne collecte des informations personnelles relatives \u00e0 l&rsquo;utilisateur que pour le besoin de certains services propos\u00e9s par le site&nbsp;<a href=\"https:\"><\/a>. L&rsquo;utilisateur fournit ces informations en toute connaissance de cause, notamment lorsqu&rsquo;il proc\u00e8de par lui-m\u00eame \u00e0 leur saisie. Il est alors pr\u00e9cis\u00e9 \u00e0 l&rsquo;utilisateur du site&nbsp;<a href=\"https:\"><\/a>&nbsp;l\u2019obligation ou non de fournir ces informations. Conform\u00e9ment aux dispositions des articles 38 et suivants de la loi 78-17 du 6 janvier 1978 relative \u00e0 l\u2019informatique, aux fichiers et aux libert\u00e9s, tout utilisateur dispose d\u2019un droit d\u2019acc\u00e8s, de rectification, de suppression et d\u2019opposition aux donn\u00e9es personnelles le concernant. Pour l\u2019exercer, adressez votre demande \u00e0&nbsp;<a href=\"https:\"><\/a>par email : email du webmaster ou en effectuant sa demande \u00e9crite et sign\u00e9e, accompagn\u00e9e d\u2019une copie du titre d\u2019identit\u00e9 avec signature du titulaire de la pi\u00e8ce, en pr\u00e9cisant l\u2019adresse \u00e0 laquelle la r\u00e9ponse doit \u00eatre envoy\u00e9e.<\/p>\n\n\n\n<p>Aucune information personnelle de l&rsquo;utilisateur du site&nbsp;<a href=\"https:\"><\/a>&nbsp;n&rsquo;est publi\u00e9e \u00e0 l&rsquo;insu de l&rsquo;utilisateur, \u00e9chang\u00e9e, transf\u00e9r\u00e9e, c\u00e9d\u00e9e ou vendue sur un support quelconque \u00e0 des tiers. Seule l&rsquo;hypoth\u00e8se du rachat du site&nbsp;<a href=\"https:\"><\/a>&nbsp;\u00e0 le proprietaire du site et de ses droits permettrait la transmission des dites informations \u00e0 l&rsquo;\u00e9ventuel acqu\u00e9reur qui serait \u00e0 son tour tenu de la m\u00eame obligation de conservation et de modification des donn\u00e9es vis \u00e0 vis de l&rsquo;utilisateur du site&nbsp;<a href=\"https:\"><\/a>.<\/p>\n\n\n\n<p>Le site&nbsp;<a href=\"https:\"><\/a>&nbsp;est en conformit\u00e9 avec le RGPD.<\/p>\n\n\n\n<p>Les bases de donn\u00e9es sont prot\u00e9g\u00e9es par les dispositions de la loi du 1er juillet 1998 transposant la directive 96\/9 du 11 mars 1996 relative \u00e0 la protection juridique des bases de donn\u00e9es.<\/p>\n","protected":false},"excerpt":{"rendered":"<p>Pr\u00e9sentation du site Conform\u00e9ment aux dispositions des articles 6-III et 19 de la Loi n\u00b0 2004-575 du 21 juin 2004 pour la Confiance dans l&rsquo;\u00e9conomie num\u00e9rique, dite L.C.E.N., nous portons \u00e0 la connaissance des utilisateurs et visiteurs du site\u00a0\u00a0les informations suivantes : COUCOURICOSi\u00e8ge social :\u00a055 chemin de Pouzilhac &#8211; 30330 Gaujac FranceEmail :\u00a0coucourico@gmail.com Directeur de&hellip;&nbsp;<a href=\"https:\/\/coucourico.fr\/index.php\/mentions-legales\/\" rel=\"bookmark\">Lire la suite &raquo;<span class=\"screen-reader-text\">Mentions l\u00e9gales<\/span><\/a><\/p>\n","protected":false},"author":1,"featured_media":0,"parent":0,"menu_order":0,"comment_status":"closed","ping_status":"closed","template":"","meta":{"neve_meta_sidebar":"","neve_meta_container":"","neve_meta_enable_content_width":"","neve_meta_content_width":0,"neve_meta_title_alignment":"","neve_meta_author_avatar":"","neve_post_elements_order":"","neve_meta_disable_header":"","neve_meta_disable_footer":"","neve_meta_disable_title":"","footnotes":""},"class_list":["post-1090","page","type-page","status-publish","hentry"],"_links":{"self":[{"href":"https:\/\/coucourico.fr\/index.php\/wp-json\/wp\/v2\/pages\/1090","targetHints":{"allow":["GET"]}}],"collection":[{"href":"https:\/\/coucourico.fr\/index.php\/wp-json\/wp\/v2\/pages"}],"about":[{"href":"https:\/\/coucourico.fr\/index.php\/wp-json\/wp\/v2\/types\/page"}],"author":[{"embeddable":true,"href":"https:\/\/coucourico.fr\/index.php\/wp-json\/wp\/v2\/users\/1"}],"replies":[{"embeddable":true,"href":"https:\/\/coucourico.fr\/index.php\/wp-json\/wp\/v2\/comments?post=1090"}],"version-history":[{"count":1,"href":"https:\/\/coucourico.fr\/index.php\/wp-json\/wp\/v2\/pages\/1090\/revisions"}],"predecessor-version":[{"id":1091,"href":"https:\/\/coucourico.fr\/index.php\/wp-json\/wp\/v2\/pages\/1090\/revisions\/1091"}],"wp:attachment":[{"href":"https:\/\/coucourico.fr\/index.php\/wp-json\/wp\/v2\/media?parent=1090"}],"curies":[{"name":"wp","href":"https:\/\/api.w.org\/{rel}","templated":true}]}}