{"id":546,"date":"2024-02-21T09:59:55","date_gmt":"2024-02-21T08:59:55","guid":{"rendered":"https:\/\/coucourico.fr\/?page_id=546"},"modified":"2025-06-02T14:52:46","modified_gmt":"2025-06-02T12:52:46","slug":"projet","status":"publish","type":"page","link":"https:\/\/coucourico.fr\/index.php\/projet\/","title":{"rendered":"LILI MAGINE"},"content":{"rendered":"\n<h1 class=\"wp-block-heading alignfull has-text-align-center has-nv-site-bg-color has-text-color has-background has-link-color wp-elements-d88aac4da3badfa6f4a65d9d3fa0e64f\" style=\"background-color:#9b2973;padding-top:0;padding-right:0;padding-bottom:0;padding-left:0\">Lili Magine<\/h1>\n\n\n\n<figure class=\"wp-block-image alignfull size-large\"><a href=\"https:\/\/coucourico.fr\/index.php\/boutique\/\"><img fetchpriority=\"high\" decoding=\"async\" width=\"1024\" height=\"793\" src=\"https:\/\/coucourico.fr\/wp-content\/uploads\/2024\/12\/LiliMaginecouverturefinale-1024x793.png\" alt=\"\" class=\"wp-image-941\" srcset=\"https:\/\/coucourico.fr\/wp-content\/uploads\/2024\/12\/LiliMaginecouverturefinale-1024x793.png 1024w, https:\/\/coucourico.fr\/wp-content\/uploads\/2024\/12\/LiliMaginecouverturefinale-300x232.png 300w, https:\/\/coucourico.fr\/wp-content\/uploads\/2024\/12\/LiliMaginecouverturefinale-768x595.png 768w, https:\/\/coucourico.fr\/wp-content\/uploads\/2024\/12\/LiliMaginecouverturefinale-600x465.png 600w, https:\/\/coucourico.fr\/wp-content\/uploads\/2024\/12\/LiliMaginecouverturefinale.png 1144w\" sizes=\"(max-width: 1024px) 100vw, 1024px\" \/><\/a><\/figure>\n\n\n\n<div style=\"height:41px\" aria-hidden=\"true\" class=\"wp-block-spacer\"><\/div>\n\n\n\n<div class=\"wp-block-buttons is-content-justification-center is-layout-flex wp-container-core-buttons-is-layout-16018d1d wp-block-buttons-is-layout-flex\">\n<div class=\"wp-block-button\"><a class=\"wp-block-button__link has-text-align-center wp-element-button\" href=\"https:\/\/coucourico.fr\/index.php\/boutique\/\">Acheter<\/a><\/div>\n<\/div>\n\n\n\n<div style=\"height:41px\" aria-hidden=\"true\" class=\"wp-block-spacer\"><\/div>\n\n\n\n<div class=\"wp-block-columns is-layout-flex wp-container-core-columns-is-layout-9d6595d7 wp-block-columns-is-layout-flex\">\n<div class=\"wp-block-column is-layout-flow wp-block-column-is-layout-flow\" style=\"padding-top:0;padding-right:0;padding-bottom:0;padding-left:0;flex-basis:50%\"><div class=\"wp-block-image\">\n<figure class=\"aligncenter\"><img decoding=\"async\" width=\"2560\" height=\"1754\" src=\"https:\/\/coucourico.fr\/wp-content\/uploads\/2024\/12\/Imagine-que-je-sois-scaled.jpg\" alt=\"\" class=\"wp-image-942\" srcset=\"https:\/\/coucourico.fr\/wp-content\/uploads\/2024\/12\/Imagine-que-je-sois-scaled.jpg 2560w, https:\/\/coucourico.fr\/wp-content\/uploads\/2024\/12\/Imagine-que-je-sois-300x206.jpg 300w, https:\/\/coucourico.fr\/wp-content\/uploads\/2024\/12\/Imagine-que-je-sois-1024x702.jpg 1024w, https:\/\/coucourico.fr\/wp-content\/uploads\/2024\/12\/Imagine-que-je-sois-768x526.jpg 768w, https:\/\/coucourico.fr\/wp-content\/uploads\/2024\/12\/Imagine-que-je-sois-1536x1052.jpg 1536w, https:\/\/coucourico.fr\/wp-content\/uploads\/2024\/12\/Imagine-que-je-sois-2048x1403.jpg 2048w, https:\/\/coucourico.fr\/wp-content\/uploads\/2024\/12\/Imagine-que-je-sois-1320x904.jpg 1320w, https:\/\/coucourico.fr\/wp-content\/uploads\/2024\/12\/Imagine-que-je-sois-600x411.jpg 600w\" sizes=\"(max-width: 2560px) 100vw, 2560px\" \/><\/figure>\n<\/div><\/div>\n\n\n\n<div class=\"wp-block-column has-background is-layout-flow wp-block-column-is-layout-flow\" style=\"border-style:none;border-width:0px;border-radius:0px;background-color:#9b2973;padding-top:0;padding-right:0;padding-bottom:0;padding-left:0;flex-basis:50%\">\n<p class=\"has-text-align-center has-nv-site-bg-color has-text-color has-background has-link-color wp-elements-1dbb04b96e0adb8e13bc6e266ffec819\" style=\"background-color:#9b2973;padding-top:var(--wp--preset--spacing--80);padding-right:var(--wp--preset--spacing--70);padding-bottom:var(--wp--preset--spacing--80);padding-left:var(--wp--preset--spacing--70);font-size:25px;font-style:normal;font-weight:700;letter-spacing:2px\"> Ce livre est une ode \u00e0 la nature.  Une balade imaginaire \u00e0 travers les montagnes, les for\u00eats. Une belle histoire pour s&rsquo;endormir berc\u00e9 par le souffle du vent, la m\u00e9lodie de la pluie\u2026  <\/p>\n<\/div>\n<\/div>\n\n\n\n<div class=\"wp-block-columns is-layout-flex wp-container-core-columns-is-layout-9d6595d7 wp-block-columns-is-layout-flex\">\n<div class=\"wp-block-column is-vertically-aligned-center is-layout-flow wp-block-column-is-layout-flow\">\n<figure class=\"wp-block-image size-full is-resized wp-duotone-681d5e-faf8e1ba-1\"><img decoding=\"async\" width=\"665\" height=\"886\" src=\"https:\/\/coucourico.fr\/wp-content\/uploads\/2024\/12\/LILI-PRINTEMPS-WEB-edited-1.jpg\" alt=\"\" class=\"wp-image-1003\" style=\"aspect-ratio:0.75;object-fit:cover;width:487px;height:auto\" srcset=\"https:\/\/coucourico.fr\/wp-content\/uploads\/2024\/12\/LILI-PRINTEMPS-WEB-edited-1.jpg 665w, https:\/\/coucourico.fr\/wp-content\/uploads\/2024\/12\/LILI-PRINTEMPS-WEB-edited-1-225x300.jpg 225w, https:\/\/coucourico.fr\/wp-content\/uploads\/2024\/12\/LILI-PRINTEMPS-WEB-edited-1-600x799.jpg 600w\" sizes=\"(max-width: 665px) 100vw, 665px\" \/><\/figure>\n<\/div>\n\n\n\n<div class=\"wp-block-column is-layout-flow wp-block-column-is-layout-flow\">\n<figure class=\"wp-block-image size-full\"><img loading=\"lazy\" decoding=\"async\" width=\"944\" height=\"1079\" src=\"https:\/\/coucourico.fr\/wp-content\/uploads\/2024\/12\/LiliMaginecouverturefinale-TEXTE-DOS-2-WEB.png\" alt=\"\" class=\"wp-image-1001\" srcset=\"https:\/\/coucourico.fr\/wp-content\/uploads\/2024\/12\/LiliMaginecouverturefinale-TEXTE-DOS-2-WEB.png 944w, https:\/\/coucourico.fr\/wp-content\/uploads\/2024\/12\/LiliMaginecouverturefinale-TEXTE-DOS-2-WEB-262x300.png 262w, https:\/\/coucourico.fr\/wp-content\/uploads\/2024\/12\/LiliMaginecouverturefinale-TEXTE-DOS-2-WEB-896x1024.png 896w, https:\/\/coucourico.fr\/wp-content\/uploads\/2024\/12\/LiliMaginecouverturefinale-TEXTE-DOS-2-WEB-768x878.png 768w, https:\/\/coucourico.fr\/wp-content\/uploads\/2024\/12\/LiliMaginecouverturefinale-TEXTE-DOS-2-WEB-600x686.png 600w\" sizes=\"(max-width: 944px) 100vw, 944px\" \/><\/figure>\n<\/div>\n<\/div>\n\n\n\n<h3 class=\"wp-block-heading has-text-align-center has-text-color has-link-color wp-elements-1c2ed36774c60e3dc445fd797d0f3851\" style=\"color:#049136\">Une balade enchant\u00e9e au travers de 10 tableaux peints \u00e0 l&rsquo;acrylique sur toile<\/h3>\n\n\n\n<figure class=\"wp-block-image alignfull size-large\"><img loading=\"lazy\" decoding=\"async\" width=\"1024\" height=\"510\" src=\"https:\/\/coucourico.fr\/wp-content\/uploads\/2024\/02\/Imagine-TABLEAU-01_72dpi-2000PX-1024x510.jpg\" alt=\"\" class=\"wp-image-359\" srcset=\"https:\/\/coucourico.fr\/wp-content\/uploads\/2024\/02\/Imagine-TABLEAU-01_72dpi-2000PX-1024x510.jpg 1024w, https:\/\/coucourico.fr\/wp-content\/uploads\/2024\/02\/Imagine-TABLEAU-01_72dpi-2000PX-600x299.jpg 600w, https:\/\/coucourico.fr\/wp-content\/uploads\/2024\/02\/Imagine-TABLEAU-01_72dpi-2000PX-300x150.jpg 300w, https:\/\/coucourico.fr\/wp-content\/uploads\/2024\/02\/Imagine-TABLEAU-01_72dpi-2000PX-768x383.jpg 768w, https:\/\/coucourico.fr\/wp-content\/uploads\/2024\/02\/Imagine-TABLEAU-01_72dpi-2000PX-1536x766.jpg 1536w, https:\/\/coucourico.fr\/wp-content\/uploads\/2024\/02\/Imagine-TABLEAU-01_72dpi-2000PX-1320x658.jpg 1320w, https:\/\/coucourico.fr\/wp-content\/uploads\/2024\/02\/Imagine-TABLEAU-01_72dpi-2000PX.jpg 2000w\" sizes=\"(max-width: 1024px) 100vw, 1024px\" \/><\/figure>\n\n\n\n<figure class=\"wp-block-image alignfull size-large\"><img loading=\"lazy\" decoding=\"async\" width=\"1000\" height=\"485\" src=\"https:\/\/coucourico.fr\/wp-content\/uploads\/2024\/02\/Imagine-TABLEAU-AUTOMNE_72dpi.jpg\" alt=\"\" class=\"wp-image-66\" srcset=\"https:\/\/coucourico.fr\/wp-content\/uploads\/2024\/02\/Imagine-TABLEAU-AUTOMNE_72dpi.jpg 1000w, https:\/\/coucourico.fr\/wp-content\/uploads\/2024\/02\/Imagine-TABLEAU-AUTOMNE_72dpi-600x291.jpg 600w, https:\/\/coucourico.fr\/wp-content\/uploads\/2024\/02\/Imagine-TABLEAU-AUTOMNE_72dpi-300x146.jpg 300w, https:\/\/coucourico.fr\/wp-content\/uploads\/2024\/02\/Imagine-TABLEAU-AUTOMNE_72dpi-768x372.jpg 768w\" sizes=\"(max-width: 1000px) 100vw, 1000px\" \/><\/figure>\n\n\n\n<figure class=\"wp-block-image alignfull size-large\"><img loading=\"lazy\" decoding=\"async\" width=\"1000\" height=\"499\" src=\"https:\/\/coucourico.fr\/wp-content\/uploads\/2024\/02\/Imagine-TABLEAU-HIVER_72dpi.jpg\" alt=\"\" class=\"wp-image-69\" srcset=\"https:\/\/coucourico.fr\/wp-content\/uploads\/2024\/02\/Imagine-TABLEAU-HIVER_72dpi.jpg 1000w, https:\/\/coucourico.fr\/wp-content\/uploads\/2024\/02\/Imagine-TABLEAU-HIVER_72dpi-600x299.jpg 600w, https:\/\/coucourico.fr\/wp-content\/uploads\/2024\/02\/Imagine-TABLEAU-HIVER_72dpi-300x150.jpg 300w, https:\/\/coucourico.fr\/wp-content\/uploads\/2024\/02\/Imagine-TABLEAU-HIVER_72dpi-768x383.jpg 768w\" sizes=\"(max-width: 1000px) 100vw, 1000px\" \/><\/figure>\n\n\n\n<p><\/p>\n","protected":false},"excerpt":{"rendered":"<p>Lili Magine Ce livre est une ode \u00e0 la nature. Une balade imaginaire \u00e0 travers les montagnes, les for\u00eats. Une belle histoire pour s&rsquo;endormir berc\u00e9 par le souffle du vent, la m\u00e9lodie de la pluie\u2026 Une balade enchant\u00e9e au travers de 10 tableaux peints \u00e0 l&rsquo;acrylique sur toile<\/p>\n","protected":false},"author":1,"featured_media":359,"parent":0,"menu_order":0,"comment_status":"closed","ping_status":"closed","template":"","meta":{"neve_meta_sidebar":"","neve_meta_container":"","neve_meta_enable_content_width":"","neve_meta_content_width":0,"neve_meta_title_alignment":"","neve_meta_author_avatar":"","neve_post_elements_order":"","neve_meta_disable_header":"","neve_meta_disable_footer":"","neve_meta_disable_title":"","footnotes":""},"class_list":["post-546","page","type-page","status-publish","has-post-thumbnail","hentry"],"_links":{"self":[{"href":"https:\/\/coucourico.fr\/index.php\/wp-json\/wp\/v2\/pages\/546","targetHints":{"allow":["GET"]}}],"collection":[{"href":"https:\/\/coucourico.fr\/index.php\/wp-json\/wp\/v2\/pages"}],"about":[{"href":"https:\/\/coucourico.fr\/index.php\/wp-json\/wp\/v2\/types\/page"}],"author":[{"embeddable":true,"href":"https:\/\/coucourico.fr\/index.php\/wp-json\/wp\/v2\/users\/1"}],"replies":[{"embeddable":true,"href":"https:\/\/coucourico.fr\/index.php\/wp-json\/wp\/v2\/comments?post=546"}],"version-history":[{"count":11,"href":"https:\/\/coucourico.fr\/index.php\/wp-json\/wp\/v2\/pages\/546\/revisions"}],"predecessor-version":[{"id":1130,"href":"https:\/\/coucourico.fr\/index.php\/wp-json\/wp\/v2\/pages\/546\/revisions\/1130"}],"wp:featuredmedia":[{"embeddable":true,"href":"https:\/\/coucourico.fr\/index.php\/wp-json\/wp\/v2\/media\/359"}],"wp:attachment":[{"href":"https:\/\/coucourico.fr\/index.php\/wp-json\/wp\/v2\/media?parent=546"}],"curies":[{"name":"wp","href":"https:\/\/api.w.org\/{rel}","templated":true}]}}