{"id":755,"date":"2024-02-23T16:23:30","date_gmt":"2024-02-23T15:23:30","guid":{"rendered":"http:\/\/coucourico.fr\/?page_id=755"},"modified":"2024-12-01T14:39:53","modified_gmt":"2024-12-01T13:39:53","slug":"quentin-le-petit-marin","status":"publish","type":"page","link":"https:\/\/coucourico.fr\/index.php\/quentin-le-petit-marin\/","title":{"rendered":"Quentin le petit marin"},"content":{"rendered":"\n<div class=\"wp-block-cover aligncenter is-light has-border-color\" style=\"border-color:#fefefe;border-width:8px;padding-top:var(--wp--preset--spacing--30);padding-bottom:var(--wp--preset--spacing--30);min-height:356px;aspect-ratio:unset;\"><span aria-hidden=\"true\" class=\"wp-block-cover__background has-background-dim-0 has-background-dim\" style=\"background-color:#0c1f2a\"><\/span><img fetchpriority=\"high\" decoding=\"async\" width=\"1000\" height=\"1468\" class=\"wp-block-cover__image-background wp-image-98\" alt=\"\" src=\"https:\/\/coucourico.fr\/wp-content\/uploads\/2024\/02\/R_TABLEAU3_72dpi-1.jpg\" style=\"object-position:45% 44%\" data-object-fit=\"cover\" data-object-position=\"45% 44%\" srcset=\"https:\/\/coucourico.fr\/wp-content\/uploads\/2024\/02\/R_TABLEAU3_72dpi-1.jpg 1000w, https:\/\/coucourico.fr\/wp-content\/uploads\/2024\/02\/R_TABLEAU3_72dpi-1-600x881.jpg 600w, https:\/\/coucourico.fr\/wp-content\/uploads\/2024\/02\/R_TABLEAU3_72dpi-1-204x300.jpg 204w, https:\/\/coucourico.fr\/wp-content\/uploads\/2024\/02\/R_TABLEAU3_72dpi-1-698x1024.jpg 698w, https:\/\/coucourico.fr\/wp-content\/uploads\/2024\/02\/R_TABLEAU3_72dpi-1-768x1127.jpg 768w\" sizes=\"(max-width: 1000px) 100vw, 1000px\" \/><div class=\"wp-block-cover__inner-container is-layout-constrained wp-block-cover-is-layout-constrained\">\n<div style=\"height:39px\" aria-hidden=\"true\" class=\"wp-block-spacer\"><\/div>\n\n\n\n<h1 class=\"wp-block-heading has-text-align-center has-nv-dark-bg-color has-text-color has-link-color wp-elements-b0ddf4e5b5397470974708d12e044c85\" style=\"padding-top:0;padding-bottom:0;font-style:normal;font-weight:800;letter-spacing:-2px\"> Quentin le petit marin<\/h1>\n\n\n\n<p class=\"has-text-align-center has-nv-text-dark-bg-color has-text-color has-link-color has-medium-font-size wp-elements-1d90c5e7a6cb9f16f9991f8c098d10e2\" style=\"padding-right:0px;padding-left:0;letter-spacing:2px\">La vie est une aventure impr\u00e9vue, un navire \u00e0 flot traversant l\u2019oc\u00e9an mais il suffit d\u2019un phare dans la nuit pour que tout s\u2019\u00e9claire &#8230;<\/p>\n<\/div><\/div>\n\n\n\n<h2 class=\"wp-block-heading has-text-align-center has-nv-light-bg-color has-nv-c-2-background-color has-text-color has-background has-link-color wp-elements-d738bdb757fde575b66e9d51bb2d6007\" style=\"padding-top:var(--wp--preset--spacing--20);padding-right:0;padding-bottom:var(--wp--preset--spacing--20);padding-left:0\">Le livre<\/h2>\n\n\n\n<ul class=\"wp-block-list\">\n<li>Un livre sensible et artistique<\/li>\n\n\n\n<li>Des illustrations uniques<\/li>\n\n\n\n<li>une histoire po\u00e9tique<\/li>\n\n\n\n<li>un beau moment de lecture \u00e0 partager en famille.<\/li>\n<\/ul>\n\n\n<div class=\"wp-block-image\">\n<figure class=\"alignleft size-full is-resized has-custom-border\"><img decoding=\"async\" width=\"1000\" height=\"665\" src=\"https:\/\/coucourico.fr\/wp-content\/uploads\/2024\/02\/Q__1eCouve_72dpi-2.jpg\" alt=\"\" class=\"wp-image-312\" style=\"border-style:none;border-width:0px;aspect-ratio:1;object-fit:cover;width:141px\" srcset=\"https:\/\/coucourico.fr\/wp-content\/uploads\/2024\/02\/Q__1eCouve_72dpi-2.jpg 1000w, https:\/\/coucourico.fr\/wp-content\/uploads\/2024\/02\/Q__1eCouve_72dpi-2-600x399.jpg 600w, https:\/\/coucourico.fr\/wp-content\/uploads\/2024\/02\/Q__1eCouve_72dpi-2-300x200.jpg 300w, https:\/\/coucourico.fr\/wp-content\/uploads\/2024\/02\/Q__1eCouve_72dpi-2-768x511.jpg 768w\" sizes=\"(max-width: 1000px) 100vw, 1000px\" \/><\/figure>\n<\/div>\n\n<div class=\"wp-block-image\">\n<figure data-wp-context=\"{&quot;imageId&quot;:&quot;69d5202c46126&quot;}\" data-wp-interactive=\"core\/image\" data-wp-key=\"69d5202c46126\" class=\"alignleft size-full is-resized wp-lightbox-container\"><img decoding=\"async\" width=\"1500\" height=\"1016\" data-wp-class--hide=\"state.isContentHidden\" data-wp-class--show=\"state.isContentVisible\" data-wp-init=\"callbacks.setButtonStyles\" data-wp-on--click=\"actions.showLightbox\" data-wp-on--load=\"callbacks.setButtonStyles\" data-wp-on-window--resize=\"callbacks.setButtonStyles\" src=\"https:\/\/coucourico.fr\/wp-content\/uploads\/2024\/02\/R_TABLEAU1_72dpi.jpg\" alt=\"\" class=\"wp-image-53\" style=\"aspect-ratio:1;object-fit:cover;width:142px;height:auto\" srcset=\"https:\/\/coucourico.fr\/wp-content\/uploads\/2024\/02\/R_TABLEAU1_72dpi.jpg 1500w, https:\/\/coucourico.fr\/wp-content\/uploads\/2024\/02\/R_TABLEAU1_72dpi-600x406.jpg 600w, https:\/\/coucourico.fr\/wp-content\/uploads\/2024\/02\/R_TABLEAU1_72dpi-300x203.jpg 300w, https:\/\/coucourico.fr\/wp-content\/uploads\/2024\/02\/R_TABLEAU1_72dpi-1024x694.jpg 1024w, https:\/\/coucourico.fr\/wp-content\/uploads\/2024\/02\/R_TABLEAU1_72dpi-768x520.jpg 768w\" sizes=\"(max-width: 1500px) 100vw, 1500px\" \/><button\n\t\t\tclass=\"lightbox-trigger\"\n\t\t\ttype=\"button\"\n\t\t\taria-haspopup=\"dialog\"\n\t\t\taria-label=\"Agrandir\"\n\t\t\tdata-wp-init=\"callbacks.initTriggerButton\"\n\t\t\tdata-wp-on--click=\"actions.showLightbox\"\n\t\t\tdata-wp-style--right=\"state.imageButtonRight\"\n\t\t\tdata-wp-style--top=\"state.imageButtonTop\"\n\t\t>\n\t\t\t<svg xmlns=\"http:\/\/www.w3.org\/2000\/svg\" width=\"12\" height=\"12\" fill=\"none\" viewBox=\"0 0 12 12\">\n\t\t\t\t<path fill=\"#fff\" d=\"M2 0a2 2 0 0 0-2 2v2h1.5V2a.5.5 0 0 1 .5-.5h2V0H2Zm2 10.5H2a.5.5 0 0 1-.5-.5V8H0v2a2 2 0 0 0 2 2h2v-1.5ZM8 12v-1.5h2a.5.5 0 0 0 .5-.5V8H12v2a2 2 0 0 1-2 2H8Zm2-12a2 2 0 0 1 2 2v2h-1.5V2a.5.5 0 0 0-.5-.5H8V0h2Z\" \/>\n\t\t\t<\/svg>\n\t\t<\/button><\/figure>\n<\/div>\n\n\n<p class=\"has-text-align-left has-nv-dark-bg-color has-nv-light-bg-background-color has-text-color has-background has-link-color wp-elements-2f1e97cd4d6466a7a7e549fefc733bb7\" style=\"padding-top:0;padding-right:var(--wp--preset--spacing--30);padding-bottom:0;padding-left:var(--wp--preset--spacing--30);font-size:16px;font-style:normal;font-weight:400\">Cette histoire raconte&nbsp;l\u2019aventure d\u2019un petit gardien de phare, qui ayant grandi se sent \u00e0 l\u2019\u00e9troit dans \u00ab&nbsp;son petit cocon au milieu de l\u2019oc\u00e9an&nbsp;\u00bb. Son besoin d\u2019aventure le pousse \u00e0 devenir marin afin d\u2019atteindre \u00ab\u00a0l\u2019horizon bleu infini\u00a0\u00bb. Attir\u00e9 par le large, il se jette \u00e0 l\u2019eau, bravant l\u2019inconnu et les difficult\u00e9s, v\u00e9ritable symbole du passage \u00e0 l\u2019\u00e2ge adulte.&nbsp;\u00bb<\/p>\n\n\n<div class=\"wp-block-image\">\n<figure data-wp-context=\"{&quot;imageId&quot;:&quot;69d5202c465ad&quot;}\" data-wp-interactive=\"core\/image\" data-wp-key=\"69d5202c465ad\" class=\"alignright size-full is-resized has-custom-border wp-lightbox-container\"><img loading=\"lazy\" decoding=\"async\" width=\"1000\" height=\"681\" data-wp-class--hide=\"state.isContentHidden\" data-wp-class--show=\"state.isContentVisible\" data-wp-init=\"callbacks.setButtonStyles\" data-wp-on--click=\"actions.showLightbox\" data-wp-on--load=\"callbacks.setButtonStyles\" data-wp-on-window--resize=\"callbacks.setButtonStyles\" src=\"https:\/\/coucourico.fr\/wp-content\/uploads\/2024\/02\/R_TABLEAU2_72dpi-1.jpg\" alt=\"\" class=\"wp-image-99\" style=\"border-style:none;border-width:0px;border-radius:0px;aspect-ratio:1;object-fit:cover;width:142px;height:auto\" srcset=\"https:\/\/coucourico.fr\/wp-content\/uploads\/2024\/02\/R_TABLEAU2_72dpi-1.jpg 1000w, https:\/\/coucourico.fr\/wp-content\/uploads\/2024\/02\/R_TABLEAU2_72dpi-1-600x409.jpg 600w, https:\/\/coucourico.fr\/wp-content\/uploads\/2024\/02\/R_TABLEAU2_72dpi-1-300x204.jpg 300w, https:\/\/coucourico.fr\/wp-content\/uploads\/2024\/02\/R_TABLEAU2_72dpi-1-768x523.jpg 768w\" sizes=\"(max-width: 1000px) 100vw, 1000px\" \/><button\n\t\t\tclass=\"lightbox-trigger\"\n\t\t\ttype=\"button\"\n\t\t\taria-haspopup=\"dialog\"\n\t\t\taria-label=\"Agrandir\"\n\t\t\tdata-wp-init=\"callbacks.initTriggerButton\"\n\t\t\tdata-wp-on--click=\"actions.showLightbox\"\n\t\t\tdata-wp-style--right=\"state.imageButtonRight\"\n\t\t\tdata-wp-style--top=\"state.imageButtonTop\"\n\t\t>\n\t\t\t<svg xmlns=\"http:\/\/www.w3.org\/2000\/svg\" width=\"12\" height=\"12\" fill=\"none\" viewBox=\"0 0 12 12\">\n\t\t\t\t<path fill=\"#fff\" d=\"M2 0a2 2 0 0 0-2 2v2h1.5V2a.5.5 0 0 1 .5-.5h2V0H2Zm2 10.5H2a.5.5 0 0 1-.5-.5V8H0v2a2 2 0 0 0 2 2h2v-1.5ZM8 12v-1.5h2a.5.5 0 0 0 .5-.5V8H12v2a2 2 0 0 1-2 2H8Zm2-12a2 2 0 0 1 2 2v2h-1.5V2a.5.5 0 0 0-.5-.5H8V0h2Z\" \/>\n\t\t\t<\/svg>\n\t\t<\/button><\/figure>\n<\/div>\n\n\n<p class=\"has-text-align-left has-nv-dark-bg-color has-text-color has-link-color wp-elements-14da06d38968a88af1a608085b5a0fef\" style=\"padding-left:0rem;font-size:16px\">L\u2019auteure s\u2019est inspir\u00e9e de sa relation avec son fils.&nbsp;Elle partage \u00e9galement sa passion pour l&rsquo;art au travers des tableaux peints sur toile qui illustrent ses textes expressifs et po\u00e9tiques,&nbsp;pour les enfants \u00e0 partir de 4 ans.<br>Convaincue de l\u2019importance de la lecture chez les jeunes enfants, cette auteure a r\u00e9alis\u00e9 un bel outil p\u00e9dagogique au travers d&rsquo;un message positif et bienveillant qui s\u00e9duira autant les enfants que les parents. <\/p>\n\n\n\n<h2 class=\"wp-block-heading has-text-align-center has-nv-light-bg-color has-nv-c-2-background-color has-text-color has-background has-link-color wp-elements-a523ff60fb0e8134f8aad902173f3da5\" style=\"padding-top:0;padding-right:0;padding-bottom:0;padding-left:0\">L&rsquo;auteure<\/h2>\n\n\n<div class=\"wp-block-image\">\n<figure class=\"alignleft size-full is-resized\"><img loading=\"lazy\" decoding=\"async\" width=\"478\" height=\"850\" src=\"https:\/\/coucourico.fr\/wp-content\/uploads\/2024\/02\/presentation-coco-1-WEB.jpg\" alt=\"\" class=\"wp-image-760\" style=\"width:143px;height:auto\" srcset=\"https:\/\/coucourico.fr\/wp-content\/uploads\/2024\/02\/presentation-coco-1-WEB.jpg 478w, https:\/\/coucourico.fr\/wp-content\/uploads\/2024\/02\/presentation-coco-1-WEB-169x300.jpg 169w\" sizes=\"(max-width: 478px) 100vw, 478px\" \/><\/figure>\n<\/div>\n\n\n<h3 class=\"wp-block-heading\" style=\"text-transform:uppercase\">Corinne Doualla,<\/h3>\n\n\n\n<p style=\"font-size:16px\"> \u00e0 la fois auteure, illustratrice, graphiste,  dans sa d\u00e9marche de cr\u00e9ation a construit son album jeunesse comme une oeuvre artistique, enti\u00e8rement r\u00e9alis\u00e9e par elle-m\u00eame de A jusqu&rsquo;\u00e0 Z.<\/p>\n\n\n\n<p class=\"has-nv-light-bg-background-color has-background\" style=\"padding-right:var(--wp--preset--spacing--20);padding-left:var(--wp--preset--spacing--20);font-size:16px\">Le processus cr\u00e9atif de l&rsquo;auteure a ceci de particulier qu&rsquo;il suit une construction purement artistique. Plasticienne avant tout et sans doute influenc\u00e9e par ses ann\u00e9es d&rsquo;infographiste 3D dans le jeux vid\u00e9o, sa d\u00e9marche de cr\u00e9ation est singuli\u00e8re puisqu&rsquo;elle raconte d&rsquo;abord son histoire en image, comme un story-board puis les textes viennent ensuite illustr\u00e9s ses tableaux. Elle utilise la narration comme un parolier sur une musique. L&rsquo;esth\u00e9tique et la mise en sc\u00e8ne plonge le lecteur dans un univers onirique propice \u00e0 l&rsquo;\u00e9vasion o\u00f9 l&rsquo;enfant pourra d\u00e9velopper son imaginaire. <\/p>\n\n\n\n<div class=\"wp-block-buttons is-content-justification-center is-layout-flex wp-container-core-buttons-is-layout-16018d1d wp-block-buttons-is-layout-flex\">\n<div class=\"wp-block-button\"><a class=\"wp-block-button__link wp-element-button\">OU ACHETER LE LIVRE?<\/a><\/div>\n<\/div>\n\n\n\n<div style=\"height:100px\" aria-hidden=\"true\" class=\"wp-block-spacer\"><\/div>\n","protected":false},"excerpt":{"rendered":"<p>Le livre Cette histoire raconte&nbsp;l\u2019aventure d\u2019un petit gardien de phare, qui ayant grandi se sent \u00e0 l\u2019\u00e9troit dans \u00ab&nbsp;son petit cocon au milieu de l\u2019oc\u00e9an&nbsp;\u00bb. Son besoin d\u2019aventure le pousse \u00e0 devenir marin afin d\u2019atteindre \u00ab\u00a0l\u2019horizon bleu infini\u00a0\u00bb. Attir\u00e9 par le large, il se jette \u00e0 l\u2019eau, bravant l\u2019inconnu et les difficult\u00e9s, v\u00e9ritable symbole du&hellip;&nbsp;<a href=\"https:\/\/coucourico.fr\/index.php\/quentin-le-petit-marin\/\" rel=\"bookmark\">Lire la suite &raquo;<span class=\"screen-reader-text\">Quentin le petit marin<\/span><\/a><\/p>\n","protected":false},"author":1,"featured_media":0,"parent":0,"menu_order":0,"comment_status":"closed","ping_status":"closed","template":"","meta":{"neve_meta_sidebar":"","neve_meta_container":"","neve_meta_enable_content_width":"","neve_meta_content_width":0,"neve_meta_title_alignment":"","neve_meta_author_avatar":"","neve_post_elements_order":"","neve_meta_disable_header":"","neve_meta_disable_footer":"","neve_meta_disable_title":"","footnotes":""},"class_list":["post-755","page","type-page","status-publish","hentry"],"_links":{"self":[{"href":"https:\/\/coucourico.fr\/index.php\/wp-json\/wp\/v2\/pages\/755","targetHints":{"allow":["GET"]}}],"collection":[{"href":"https:\/\/coucourico.fr\/index.php\/wp-json\/wp\/v2\/pages"}],"about":[{"href":"https:\/\/coucourico.fr\/index.php\/wp-json\/wp\/v2\/types\/page"}],"author":[{"embeddable":true,"href":"https:\/\/coucourico.fr\/index.php\/wp-json\/wp\/v2\/users\/1"}],"replies":[{"embeddable":true,"href":"https:\/\/coucourico.fr\/index.php\/wp-json\/wp\/v2\/comments?post=755"}],"version-history":[{"count":10,"href":"https:\/\/coucourico.fr\/index.php\/wp-json\/wp\/v2\/pages\/755\/revisions"}],"predecessor-version":[{"id":938,"href":"https:\/\/coucourico.fr\/index.php\/wp-json\/wp\/v2\/pages\/755\/revisions\/938"}],"wp:attachment":[{"href":"https:\/\/coucourico.fr\/index.php\/wp-json\/wp\/v2\/media?parent=755"}],"curies":[{"name":"wp","href":"https:\/\/api.w.org\/{rel}","templated":true}]}}