{"id":830,"date":"2024-03-19T15:55:26","date_gmt":"2024-03-19T14:55:26","guid":{"rendered":"http:\/\/coucourico.fr\/?page_id=830"},"modified":"2024-03-19T16:03:30","modified_gmt":"2024-03-19T15:03:30","slug":"kamishibai","status":"publish","type":"page","link":"https:\/\/coucourico.fr\/index.php\/kamishibai\/","title":{"rendered":"Kamishibai"},"content":{"rendered":"\n<p class=\"has-text-align-center\">Un outil tr\u00e8s ludique pour une mise en sc\u00e8ne de la lecture.<\/p>\n\n\n\n<h4 class=\"wp-block-heading has-text-align-center\">Un contenu de qualit\u00e9. <\/h4>\n\n\n\n<p>Les tr\u00e8s belles planches d&rsquo;illustration de Quentin le petit marin sensibiliseront les enfants \u00e0 l&rsquo;art gr\u00e2ce aux 9 tableaux peints \u00e0 l&rsquo;acrylique sur toile. <\/p>\n\n\n\n<h4 class=\"wp-block-heading has-text-align-center\">Une initiation \u00e0 l&rsquo;esth\u00e9tique et \u00e0 l&rsquo;\u00e9criture<\/h4>\n\n\n\n<p class=\"has-text-align-center\">Un support p\u00e9dagogique tr\u00e8s int\u00e9ressant pour parler de l&rsquo;utilisation des couleurs, du d\u00e9coupage de la narration en images, du choix des mots et des rimes comme v\u00e9hicule des \u00e9motions pour une initiation aux m\u00e9taphores.<\/p>\n\n\n\n<div class=\"wp-block-columns is-layout-flex wp-container-core-columns-is-layout-9d6595d7 wp-block-columns-is-layout-flex\">\n<div class=\"wp-block-column is-layout-flow wp-block-column-is-layout-flow\"><div class=\"wp-block-image\">\n<figure class=\"aligncenter size-large\"><img fetchpriority=\"high\" decoding=\"async\" width=\"968\" height=\"968\" src=\"https:\/\/coucourico.fr\/wp-content\/uploads\/2024\/02\/KAMISHIBAI-1.jpg\" alt=\"\" class=\"wp-image-371\" srcset=\"https:\/\/coucourico.fr\/wp-content\/uploads\/2024\/02\/KAMISHIBAI-1.jpg 968w, https:\/\/coucourico.fr\/wp-content\/uploads\/2024\/02\/KAMISHIBAI-1-100x100.jpg 100w, https:\/\/coucourico.fr\/wp-content\/uploads\/2024\/02\/KAMISHIBAI-1-600x600.jpg 600w, https:\/\/coucourico.fr\/wp-content\/uploads\/2024\/02\/KAMISHIBAI-1-300x300.jpg 300w, https:\/\/coucourico.fr\/wp-content\/uploads\/2024\/02\/KAMISHIBAI-1-150x150.jpg 150w, https:\/\/coucourico.fr\/wp-content\/uploads\/2024\/02\/KAMISHIBAI-1-768x768.jpg 768w\" sizes=\"(max-width: 968px) 100vw, 968px\" \/><\/figure>\n<\/div><\/div>\n<\/div>\n\n\n\n<div class=\"wp-block-columns is-layout-flex wp-container-core-columns-is-layout-9d6595d7 wp-block-columns-is-layout-flex\">\n<div class=\"wp-block-column is-layout-flow wp-block-column-is-layout-flow\" style=\"flex-basis:100%\">\n<figure class=\"wp-block-gallery aligncenter has-nested-images columns-3 is-cropped wp-block-gallery-1 is-layout-flex wp-block-gallery-is-layout-flex\">\n<figure data-wp-context=\"{&quot;imageId&quot;:&quot;69e492ee9e83f&quot;}\" data-wp-interactive=\"core\/image\" data-wp-key=\"69e492ee9e83f\" class=\"wp-block-image size-large wp-lightbox-container\"><img decoding=\"async\" width=\"1000\" height=\"681\" data-wp-class--hide=\"state.isContentHidden\" data-wp-class--show=\"state.isContentVisible\" data-wp-init=\"callbacks.setButtonStyles\" data-wp-on--click=\"actions.showLightbox\" data-wp-on--load=\"callbacks.setButtonStyles\" data-wp-on-window--resize=\"callbacks.setButtonStyles\" data-id=\"99\" src=\"https:\/\/coucourico.fr\/wp-content\/uploads\/2024\/02\/R_TABLEAU2_72dpi-1.jpg\" alt=\"\" class=\"wp-image-99\" srcset=\"https:\/\/coucourico.fr\/wp-content\/uploads\/2024\/02\/R_TABLEAU2_72dpi-1.jpg 1000w, https:\/\/coucourico.fr\/wp-content\/uploads\/2024\/02\/R_TABLEAU2_72dpi-1-600x409.jpg 600w, https:\/\/coucourico.fr\/wp-content\/uploads\/2024\/02\/R_TABLEAU2_72dpi-1-300x204.jpg 300w, https:\/\/coucourico.fr\/wp-content\/uploads\/2024\/02\/R_TABLEAU2_72dpi-1-768x523.jpg 768w\" sizes=\"(max-width: 1000px) 100vw, 1000px\" \/><button\n\t\t\tclass=\"lightbox-trigger\"\n\t\t\ttype=\"button\"\n\t\t\taria-haspopup=\"dialog\"\n\t\t\taria-label=\"Agrandir\"\n\t\t\tdata-wp-init=\"callbacks.initTriggerButton\"\n\t\t\tdata-wp-on--click=\"actions.showLightbox\"\n\t\t\tdata-wp-style--right=\"state.imageButtonRight\"\n\t\t\tdata-wp-style--top=\"state.imageButtonTop\"\n\t\t>\n\t\t\t<svg xmlns=\"http:\/\/www.w3.org\/2000\/svg\" width=\"12\" height=\"12\" fill=\"none\" viewBox=\"0 0 12 12\">\n\t\t\t\t<path fill=\"#fff\" d=\"M2 0a2 2 0 0 0-2 2v2h1.5V2a.5.5 0 0 1 .5-.5h2V0H2Zm2 10.5H2a.5.5 0 0 1-.5-.5V8H0v2a2 2 0 0 0 2 2h2v-1.5ZM8 12v-1.5h2a.5.5 0 0 0 .5-.5V8H12v2a2 2 0 0 1-2 2H8Zm2-12a2 2 0 0 1 2 2v2h-1.5V2a.5.5 0 0 0-.5-.5H8V0h2Z\" \/>\n\t\t\t<\/svg>\n\t\t<\/button><\/figure>\n\n\n\n<figure data-wp-context=\"{&quot;imageId&quot;:&quot;69e492ee9edb6&quot;}\" data-wp-interactive=\"core\/image\" data-wp-key=\"69e492ee9edb6\" class=\"wp-block-image size-large wp-lightbox-container\"><img decoding=\"async\" width=\"698\" height=\"1024\" data-wp-class--hide=\"state.isContentHidden\" data-wp-class--show=\"state.isContentVisible\" data-wp-init=\"callbacks.setButtonStyles\" data-wp-on--click=\"actions.showLightbox\" data-wp-on--load=\"callbacks.setButtonStyles\" data-wp-on-window--resize=\"callbacks.setButtonStyles\" data-id=\"98\" src=\"https:\/\/coucourico.fr\/wp-content\/uploads\/2024\/02\/R_TABLEAU3_72dpi-1-698x1024.jpg\" alt=\"\" class=\"wp-image-98\" srcset=\"https:\/\/coucourico.fr\/wp-content\/uploads\/2024\/02\/R_TABLEAU3_72dpi-1-698x1024.jpg 698w, https:\/\/coucourico.fr\/wp-content\/uploads\/2024\/02\/R_TABLEAU3_72dpi-1-600x881.jpg 600w, https:\/\/coucourico.fr\/wp-content\/uploads\/2024\/02\/R_TABLEAU3_72dpi-1-204x300.jpg 204w, https:\/\/coucourico.fr\/wp-content\/uploads\/2024\/02\/R_TABLEAU3_72dpi-1-768x1127.jpg 768w, https:\/\/coucourico.fr\/wp-content\/uploads\/2024\/02\/R_TABLEAU3_72dpi-1.jpg 1000w\" sizes=\"(max-width: 698px) 100vw, 698px\" \/><button\n\t\t\tclass=\"lightbox-trigger\"\n\t\t\ttype=\"button\"\n\t\t\taria-haspopup=\"dialog\"\n\t\t\taria-label=\"Agrandir\"\n\t\t\tdata-wp-init=\"callbacks.initTriggerButton\"\n\t\t\tdata-wp-on--click=\"actions.showLightbox\"\n\t\t\tdata-wp-style--right=\"state.imageButtonRight\"\n\t\t\tdata-wp-style--top=\"state.imageButtonTop\"\n\t\t>\n\t\t\t<svg xmlns=\"http:\/\/www.w3.org\/2000\/svg\" width=\"12\" height=\"12\" fill=\"none\" viewBox=\"0 0 12 12\">\n\t\t\t\t<path fill=\"#fff\" d=\"M2 0a2 2 0 0 0-2 2v2h1.5V2a.5.5 0 0 1 .5-.5h2V0H2Zm2 10.5H2a.5.5 0 0 1-.5-.5V8H0v2a2 2 0 0 0 2 2h2v-1.5ZM8 12v-1.5h2a.5.5 0 0 0 .5-.5V8H12v2a2 2 0 0 1-2 2H8Zm2-12a2 2 0 0 1 2 2v2h-1.5V2a.5.5 0 0 0-.5-.5H8V0h2Z\" \/>\n\t\t\t<\/svg>\n\t\t<\/button><\/figure>\n\n\n\n<figure data-wp-context=\"{&quot;imageId&quot;:&quot;69e492ee9f22f&quot;}\" data-wp-interactive=\"core\/image\" data-wp-key=\"69e492ee9f22f\" class=\"wp-block-image size-large wp-lightbox-container\"><img loading=\"lazy\" decoding=\"async\" width=\"1000\" height=\"681\" data-wp-class--hide=\"state.isContentHidden\" data-wp-class--show=\"state.isContentVisible\" data-wp-init=\"callbacks.setButtonStyles\" data-wp-on--click=\"actions.showLightbox\" data-wp-on--load=\"callbacks.setButtonStyles\" data-wp-on-window--resize=\"callbacks.setButtonStyles\" data-id=\"73\" src=\"https:\/\/coucourico.fr\/wp-content\/uploads\/2024\/02\/R_TABLEAU4_72dpi.jpg\" alt=\"\" class=\"wp-image-73\" srcset=\"https:\/\/coucourico.fr\/wp-content\/uploads\/2024\/02\/R_TABLEAU4_72dpi.jpg 1000w, https:\/\/coucourico.fr\/wp-content\/uploads\/2024\/02\/R_TABLEAU4_72dpi-600x409.jpg 600w, https:\/\/coucourico.fr\/wp-content\/uploads\/2024\/02\/R_TABLEAU4_72dpi-300x204.jpg 300w, https:\/\/coucourico.fr\/wp-content\/uploads\/2024\/02\/R_TABLEAU4_72dpi-768x523.jpg 768w\" sizes=\"(max-width: 1000px) 100vw, 1000px\" \/><button\n\t\t\tclass=\"lightbox-trigger\"\n\t\t\ttype=\"button\"\n\t\t\taria-haspopup=\"dialog\"\n\t\t\taria-label=\"Agrandir\"\n\t\t\tdata-wp-init=\"callbacks.initTriggerButton\"\n\t\t\tdata-wp-on--click=\"actions.showLightbox\"\n\t\t\tdata-wp-style--right=\"state.imageButtonRight\"\n\t\t\tdata-wp-style--top=\"state.imageButtonTop\"\n\t\t>\n\t\t\t<svg xmlns=\"http:\/\/www.w3.org\/2000\/svg\" width=\"12\" height=\"12\" fill=\"none\" viewBox=\"0 0 12 12\">\n\t\t\t\t<path fill=\"#fff\" d=\"M2 0a2 2 0 0 0-2 2v2h1.5V2a.5.5 0 0 1 .5-.5h2V0H2Zm2 10.5H2a.5.5 0 0 1-.5-.5V8H0v2a2 2 0 0 0 2 2h2v-1.5ZM8 12v-1.5h2a.5.5 0 0 0 .5-.5V8H12v2a2 2 0 0 1-2 2H8Zm2-12a2 2 0 0 1 2 2v2h-1.5V2a.5.5 0 0 0-.5-.5H8V0h2Z\" \/>\n\t\t\t<\/svg>\n\t\t<\/button><\/figure>\n\n\n\n<figure data-wp-context=\"{&quot;imageId&quot;:&quot;69e492ee9f72a&quot;}\" data-wp-interactive=\"core\/image\" data-wp-key=\"69e492ee9f72a\" class=\"wp-block-image size-large wp-lightbox-container\"><img loading=\"lazy\" decoding=\"async\" width=\"698\" height=\"1024\" data-wp-class--hide=\"state.isContentHidden\" data-wp-class--show=\"state.isContentVisible\" data-wp-init=\"callbacks.setButtonStyles\" data-wp-on--click=\"actions.showLightbox\" data-wp-on--load=\"callbacks.setButtonStyles\" data-wp-on-window--resize=\"callbacks.setButtonStyles\" data-id=\"100\" src=\"https:\/\/coucourico.fr\/wp-content\/uploads\/2024\/02\/R_TABLEAU5_72dpi-1-698x1024.jpg\" alt=\"\" class=\"wp-image-100\" srcset=\"https:\/\/coucourico.fr\/wp-content\/uploads\/2024\/02\/R_TABLEAU5_72dpi-1-698x1024.jpg 698w, https:\/\/coucourico.fr\/wp-content\/uploads\/2024\/02\/R_TABLEAU5_72dpi-1-600x881.jpg 600w, https:\/\/coucourico.fr\/wp-content\/uploads\/2024\/02\/R_TABLEAU5_72dpi-1-204x300.jpg 204w, https:\/\/coucourico.fr\/wp-content\/uploads\/2024\/02\/R_TABLEAU5_72dpi-1-768x1127.jpg 768w, https:\/\/coucourico.fr\/wp-content\/uploads\/2024\/02\/R_TABLEAU5_72dpi-1.jpg 1000w\" sizes=\"(max-width: 698px) 100vw, 698px\" \/><button\n\t\t\tclass=\"lightbox-trigger\"\n\t\t\ttype=\"button\"\n\t\t\taria-haspopup=\"dialog\"\n\t\t\taria-label=\"Agrandir\"\n\t\t\tdata-wp-init=\"callbacks.initTriggerButton\"\n\t\t\tdata-wp-on--click=\"actions.showLightbox\"\n\t\t\tdata-wp-style--right=\"state.imageButtonRight\"\n\t\t\tdata-wp-style--top=\"state.imageButtonTop\"\n\t\t>\n\t\t\t<svg xmlns=\"http:\/\/www.w3.org\/2000\/svg\" width=\"12\" height=\"12\" fill=\"none\" viewBox=\"0 0 12 12\">\n\t\t\t\t<path fill=\"#fff\" d=\"M2 0a2 2 0 0 0-2 2v2h1.5V2a.5.5 0 0 1 .5-.5h2V0H2Zm2 10.5H2a.5.5 0 0 1-.5-.5V8H0v2a2 2 0 0 0 2 2h2v-1.5ZM8 12v-1.5h2a.5.5 0 0 0 .5-.5V8H12v2a2 2 0 0 1-2 2H8Zm2-12a2 2 0 0 1 2 2v2h-1.5V2a.5.5 0 0 0-.5-.5H8V0h2Z\" \/>\n\t\t\t<\/svg>\n\t\t<\/button><\/figure>\n\n\n\n<figure data-wp-context=\"{&quot;imageId&quot;:&quot;69e492ee9fb22&quot;}\" data-wp-interactive=\"core\/image\" data-wp-key=\"69e492ee9fb22\" class=\"wp-block-image size-large wp-lightbox-container\"><img loading=\"lazy\" decoding=\"async\" width=\"1000\" height=\"681\" data-wp-class--hide=\"state.isContentHidden\" data-wp-class--show=\"state.isContentVisible\" data-wp-init=\"callbacks.setButtonStyles\" data-wp-on--click=\"actions.showLightbox\" data-wp-on--load=\"callbacks.setButtonStyles\" data-wp-on-window--resize=\"callbacks.setButtonStyles\" data-id=\"97\" src=\"https:\/\/coucourico.fr\/wp-content\/uploads\/2024\/02\/R_TABLEAU6_72dpi-1.jpg\" alt=\"\" class=\"wp-image-97\" srcset=\"https:\/\/coucourico.fr\/wp-content\/uploads\/2024\/02\/R_TABLEAU6_72dpi-1.jpg 1000w, https:\/\/coucourico.fr\/wp-content\/uploads\/2024\/02\/R_TABLEAU6_72dpi-1-600x409.jpg 600w, https:\/\/coucourico.fr\/wp-content\/uploads\/2024\/02\/R_TABLEAU6_72dpi-1-300x204.jpg 300w, https:\/\/coucourico.fr\/wp-content\/uploads\/2024\/02\/R_TABLEAU6_72dpi-1-768x523.jpg 768w\" sizes=\"(max-width: 1000px) 100vw, 1000px\" \/><button\n\t\t\tclass=\"lightbox-trigger\"\n\t\t\ttype=\"button\"\n\t\t\taria-haspopup=\"dialog\"\n\t\t\taria-label=\"Agrandir\"\n\t\t\tdata-wp-init=\"callbacks.initTriggerButton\"\n\t\t\tdata-wp-on--click=\"actions.showLightbox\"\n\t\t\tdata-wp-style--right=\"state.imageButtonRight\"\n\t\t\tdata-wp-style--top=\"state.imageButtonTop\"\n\t\t>\n\t\t\t<svg xmlns=\"http:\/\/www.w3.org\/2000\/svg\" width=\"12\" height=\"12\" fill=\"none\" viewBox=\"0 0 12 12\">\n\t\t\t\t<path fill=\"#fff\" d=\"M2 0a2 2 0 0 0-2 2v2h1.5V2a.5.5 0 0 1 .5-.5h2V0H2Zm2 10.5H2a.5.5 0 0 1-.5-.5V8H0v2a2 2 0 0 0 2 2h2v-1.5ZM8 12v-1.5h2a.5.5 0 0 0 .5-.5V8H12v2a2 2 0 0 1-2 2H8Zm2-12a2 2 0 0 1 2 2v2h-1.5V2a.5.5 0 0 0-.5-.5H8V0h2Z\" \/>\n\t\t\t<\/svg>\n\t\t<\/button><\/figure>\n<\/figure>\n<\/div>\n<\/div>\n\n\n\n<p class=\"has-text-align-center has-nv-dark-bg-color has-text-color has-link-color wp-elements-16a6e577d143d2af97a162693774b7b8\" style=\"padding-top:var(--wp--preset--spacing--30);padding-bottom:var(--wp--preset--spacing--30)\">N&rsquo;h\u00e9sitez pas \u00e0 me contacter pour plus de renseignements. <img loading=\"lazy\" decoding=\"async\" width=\"40\" height=\"42\" class=\"wp-image-347\" style=\"width: 40px;\" src=\"https:\/\/coucourico.fr\/wp-content\/uploads\/2024\/02\/etoile-1.png\" alt=\"\"><\/p>\n\n\n\n<p class=\"has-text-align-center\"><img loading=\"lazy\" decoding=\"async\" width=\"50\" height=\"50\" class=\"wp-image-88\" style=\"width: 50px;\" src=\"https:\/\/coucourico.fr\/wp-content\/uploads\/2024\/02\/BLOB04_Plan-de-travail-1.png\" alt=\"\" srcset=\"https:\/\/coucourico.fr\/wp-content\/uploads\/2024\/02\/BLOB04_Plan-de-travail-1.png 284w, https:\/\/coucourico.fr\/wp-content\/uploads\/2024\/02\/BLOB04_Plan-de-travail-1-100x100.png 100w, https:\/\/coucourico.fr\/wp-content\/uploads\/2024\/02\/BLOB04_Plan-de-travail-1-150x150.png 150w\" sizes=\"(max-width: 50px) 100vw, 50px\" \/> corinnedoualla@gmail.com <\/p>\n\n\n\n<p class=\"has-text-align-center\">Inscrivez vous \u00e0 ma newsletter pour suivre l&rsquo;avancement de mes projets et futurs publications<\/p>\n\n\n","protected":false},"excerpt":{"rendered":"<p>Un outil tr\u00e8s ludique pour une mise en sc\u00e8ne de la lecture. Un contenu de qualit\u00e9. Les tr\u00e8s belles planches d&rsquo;illustration de Quentin le petit marin sensibiliseront les enfants \u00e0 l&rsquo;art gr\u00e2ce aux 9 tableaux peints \u00e0 l&rsquo;acrylique sur toile. Une initiation \u00e0 l&rsquo;esth\u00e9tique et \u00e0 l&rsquo;\u00e9criture Un support p\u00e9dagogique tr\u00e8s int\u00e9ressant pour parler de&hellip;&nbsp;<a href=\"https:\/\/coucourico.fr\/index.php\/kamishibai\/\" rel=\"bookmark\">Lire la suite &raquo;<span class=\"screen-reader-text\">Kamishibai<\/span><\/a><\/p>\n","protected":false},"author":1,"featured_media":831,"parent":0,"menu_order":0,"comment_status":"closed","ping_status":"closed","template":"","meta":{"neve_meta_sidebar":"","neve_meta_container":"","neve_meta_enable_content_width":"","neve_meta_content_width":0,"neve_meta_title_alignment":"","neve_meta_author_avatar":"","neve_post_elements_order":"","neve_meta_disable_header":"","neve_meta_disable_footer":"","neve_meta_disable_title":"","footnotes":""},"class_list":["post-830","page","type-page","status-publish","has-post-thumbnail","hentry"],"_links":{"self":[{"href":"https:\/\/coucourico.fr\/index.php\/wp-json\/wp\/v2\/pages\/830","targetHints":{"allow":["GET"]}}],"collection":[{"href":"https:\/\/coucourico.fr\/index.php\/wp-json\/wp\/v2\/pages"}],"about":[{"href":"https:\/\/coucourico.fr\/index.php\/wp-json\/wp\/v2\/types\/page"}],"author":[{"embeddable":true,"href":"https:\/\/coucourico.fr\/index.php\/wp-json\/wp\/v2\/users\/1"}],"replies":[{"embeddable":true,"href":"https:\/\/coucourico.fr\/index.php\/wp-json\/wp\/v2\/comments?post=830"}],"version-history":[{"count":3,"href":"https:\/\/coucourico.fr\/index.php\/wp-json\/wp\/v2\/pages\/830\/revisions"}],"predecessor-version":[{"id":836,"href":"https:\/\/coucourico.fr\/index.php\/wp-json\/wp\/v2\/pages\/830\/revisions\/836"}],"wp:featuredmedia":[{"embeddable":true,"href":"https:\/\/coucourico.fr\/index.php\/wp-json\/wp\/v2\/media\/831"}],"wp:attachment":[{"href":"https:\/\/coucourico.fr\/index.php\/wp-json\/wp\/v2\/media?parent=830"}],"curies":[{"name":"wp","href":"https:\/\/api.w.org\/{rel}","templated":true}]}}