{"id":1071,"date":"2025-05-28T17:36:29","date_gmt":"2025-05-28T15:36:29","guid":{"rendered":"https:\/\/coucourico.fr\/?post_type=product&#038;p=1071"},"modified":"2025-05-28T18:52:58","modified_gmt":"2025-05-28T16:52:58","slug":"lili-magine","status":"publish","type":"product","link":"https:\/\/coucourico.fr\/index.php\/produit\/lili-magine\/","title":{"rendered":"LILI MAGINE"},"content":{"rendered":"<p>Dans \u00ab\u00a0Lili Magine\u00a0\u00bb, Corinne Doualla invite les jeunes lecteurs dans un voyage imaginaire aux c\u00f4t\u00e9s de Lili, une petite fille qui, chaque soir, s\u2019endort berc\u00e9e par les sons de la nature. Des montagnes aux for\u00eats, en passant par les bruits apaisants de la pluie et du vent, cette histoire est une ode \u00e0 l\u2019imaginaire et \u00e0 la beaut\u00e9 de la nature. Chaque illustration est une v\u00e9ritable\u00a0<strong>\u0153uvre d\u2019art<\/strong>, o\u00f9 la nature devient le d\u00e9cor d\u2019un r\u00eave \u00e9veill\u00e9. Un livre tout en douceur, id\u00e9al pour \u00e9veiller les sens et les r\u00eaves des enfants.<\/p>\n<ul>\n<li>Album jeunesse 4 ans \/ 10 ans<\/li>\n<\/ul>\n<ul>\n<li> Langue : fran\u00e7ais <\/li>\n<\/ul>\n<ul>\n<li>Parution: f\u00e9vrier 2025<\/li>\n<\/ul>\n<ul>\n<li>26 pages, couverture rigide \u00ab\u00a0toucher soft touch\u00a0\u00bb \t<\/li>\n<\/ul>\n<ul>\n<li>Format italien: 30X22 cm \t<\/li>\n<\/ul>\n<ul>\n<li>Textes &amp; illustrations: Corinne Doualla<\/li>\n<\/ul>\n","protected":false},"excerpt":{"rendered":"<p>Quand l&rsquo;imaginaire rejoint la po\u00e9sie visuelle. Corinne Doualla revient avec\u00a0<strong>\u00ab\u00a0Lili Magine\u00a0\u00bb<\/strong>, une nouvelle histoire empreinte de douceur et d\u2019\u00e9vasion.<\/p>\n","protected":false},"featured_media":997,"template":"","meta":{"neve_meta_sidebar":"","neve_meta_container":"","neve_meta_enable_content_width":"","neve_meta_content_width":0,"neve_meta_title_alignment":"","neve_meta_author_avatar":"","neve_post_elements_order":"","neve_meta_disable_header":"","neve_meta_disable_footer":"","neve_meta_disable_title":""},"product_brand":[],"product_cat":[16],"product_tag":[],"class_list":{"0":"post-1071","1":"product","2":"type-product","3":"status-publish","4":"has-post-thumbnail","6":"product_cat-non-classe","8":"first","9":"instock","10":"shipping-taxable","11":"purchasable","12":"product-type-simple"},"_links":{"self":[{"href":"https:\/\/coucourico.fr\/index.php\/wp-json\/wp\/v2\/product\/1071","targetHints":{"allow":["GET"]}}],"collection":[{"href":"https:\/\/coucourico.fr\/index.php\/wp-json\/wp\/v2\/product"}],"about":[{"href":"https:\/\/coucourico.fr\/index.php\/wp-json\/wp\/v2\/types\/product"}],"version-history":[{"count":0,"href":"https:\/\/coucourico.fr\/index.php\/wp-json\/wp\/v2\/product\/1071\/revisions"}],"wp:featuredmedia":[{"embeddable":true,"href":"https:\/\/coucourico.fr\/index.php\/wp-json\/wp\/v2\/media\/997"}],"wp:attachment":[{"href":"https:\/\/coucourico.fr\/index.php\/wp-json\/wp\/v2\/media?parent=1071"}],"wp:term":[{"taxonomy":"product_brand","embeddable":true,"href":"https:\/\/coucourico.fr\/index.php\/wp-json\/wp\/v2\/product_brand?post=1071"},{"taxonomy":"product_cat","embeddable":true,"href":"https:\/\/coucourico.fr\/index.php\/wp-json\/wp\/v2\/product_cat?post=1071"},{"taxonomy":"product_tag","embeddable":true,"href":"https:\/\/coucourico.fr\/index.php\/wp-json\/wp\/v2\/product_tag?post=1071"}],"curies":[{"name":"wp","href":"https:\/\/api.w.org\/{rel}","templated":true}]}}