{"id":64,"date":"2024-02-07T10:56:00","date_gmt":"2024-02-07T09:56:00","guid":{"rendered":"http:\/\/coucourico.fr\/?post_type=product&#038;p=64"},"modified":"2025-05-28T18:28:40","modified_gmt":"2025-05-28T16:28:40","slug":"quentin-le-petit-marin","status":"publish","type":"product","link":"https:\/\/coucourico.fr\/index.php\/produit\/quentin-le-petit-marin\/","title":{"rendered":"Quentin le petit marin"},"content":{"rendered":"<p><strong>Un livre sensible qui touche autant les petits et les grands<\/strong><\/p>\n<p>\u00ab\u00a0Le petit Quentin est devenu grand. L\u2019heure du d\u00e9part a sonn\u00e9 ! Ses r\u00eaves deviendront ils r\u00e9alit\u00e9 ? \u00a0\u00bb Quentin est un petit gar\u00e7on gardien de phare. Attir\u00e9 par le large, il veut devenir marin pour d\u00e9couvrir le monde afin d\u2019atteindre \u00ab\u00a0l\u2019horizon bleu infini\u00a0\u00bb dont il a tant r\u00eav\u00e9. Ce livre est une m\u00e9taphore po\u00e9tique sur le passage \u00e0 l\u2019\u00e2ge adulte, l\u2019importance des r\u00eaves et la qu\u00eate de soi. Une aventure qui r\u00e9sonne avec chacun de nous, car finalement, la vie est une exp\u00e9dition pleine de surprises.<\/p>\n<ul>\n<li>Album jeunesse 3ans\/8ans \t<\/li>\n<li>Langue : fran\u00e7ais \t<\/li>\n<li>Parution: 05 juillet 2022 \t<\/li>\n<li>25 pages, couverture rigide \u00ab\u00a0toucher soft touch\u00a0\u00bb \t<\/li>\n<li>Format italien: 30X22 cm \t<\/li>\n<li>Textes &amp; illustrations: Corinne Doualla<\/li>\n<\/ul>\n","protected":false},"excerpt":{"rendered":"<p>Un conte initiatique touchant o\u00f9 un jeune gardien de phare se lance dans une aventure maritime \u00e0 la recherche du bonheur.<\/p>\n","protected":false},"featured_media":54,"template":"","meta":{"neve_meta_sidebar":"","neve_meta_container":"","neve_meta_enable_content_width":"off","neve_meta_content_width":100,"neve_meta_title_alignment":"","neve_meta_author_avatar":"","neve_post_elements_order":"","neve_meta_disable_header":"on","neve_meta_disable_footer":"","neve_meta_disable_title":""},"product_brand":[],"product_cat":[16],"product_tag":[],"class_list":{"0":"post-64","1":"product","2":"type-product","3":"status-publish","4":"has-post-thumbnail","6":"product_cat-non-classe","8":"first","9":"instock","10":"shipping-taxable","11":"purchasable","12":"product-type-simple"},"_links":{"self":[{"href":"https:\/\/coucourico.fr\/index.php\/wp-json\/wp\/v2\/product\/64","targetHints":{"allow":["GET"]}}],"collection":[{"href":"https:\/\/coucourico.fr\/index.php\/wp-json\/wp\/v2\/product"}],"about":[{"href":"https:\/\/coucourico.fr\/index.php\/wp-json\/wp\/v2\/types\/product"}],"version-history":[{"count":1,"href":"https:\/\/coucourico.fr\/index.php\/wp-json\/wp\/v2\/product\/64\/revisions"}],"predecessor-version":[{"id":676,"href":"https:\/\/coucourico.fr\/index.php\/wp-json\/wp\/v2\/product\/64\/revisions\/676"}],"wp:featuredmedia":[{"embeddable":true,"href":"https:\/\/coucourico.fr\/index.php\/wp-json\/wp\/v2\/media\/54"}],"wp:attachment":[{"href":"https:\/\/coucourico.fr\/index.php\/wp-json\/wp\/v2\/media?parent=64"}],"wp:term":[{"taxonomy":"product_brand","embeddable":true,"href":"https:\/\/coucourico.fr\/index.php\/wp-json\/wp\/v2\/product_brand?post=64"},{"taxonomy":"product_cat","embeddable":true,"href":"https:\/\/coucourico.fr\/index.php\/wp-json\/wp\/v2\/product_cat?post=64"},{"taxonomy":"product_tag","embeddable":true,"href":"https:\/\/coucourico.fr\/index.php\/wp-json\/wp\/v2\/product_tag?post=64"}],"curies":[{"name":"wp","href":"https:\/\/api.w.org\/{rel}","templated":true}]}}